{"id":2,"date":"2022-01-17T11:36:59","date_gmt":"2022-01-17T10:36:59","guid":{"rendered":"https:\/\/www.buildox-games.com\/?page_id=2"},"modified":"2022-01-18T17:42:41","modified_gmt":"2022-01-18T16:42:41","slug":"page-d-exemple","status":"publish","type":"page","link":"https:\/\/www.buildox-games.com\/","title":{"rendered":"Pr\u00e9sentation du projet"},"content":{"rendered":"\n<p>Je suis en train de travailler sur un projet de jeu vid\u00e9o en monde libre. J&rsquo;utilise Roblox Studio pour mon jeu, car c&rsquo;est plus simple.<\/p>\n\n\n\n<p>Je n&rsquo;ai pas encore trouv\u00e9 de nom pour mon jeu mais ce sera un open world (monde ouvert). Un syst\u00e8me \u00e9conomique sera mis en place et les joueurs pourront acheter des voitures, des v\u00eatements, un tas d&rsquo;objets ! Ils gagneront cet argent avec les m\u00e9tiers qu&rsquo;ils pourront exercer, on pourra m\u00eame devenir bandit et braquer une banque ! (enfin j&rsquo;esp\u00e8re !)<\/p>\n\n\n\n<figure class=\"wp-block-image size-full\"><img loading=\"lazy\" decoding=\"async\" width=\"844\" height=\"845\" src=\"https:\/\/www.buildox-games.com\/wp-content\/uploads\/2022\/01\/MapJV.png\" alt=\"\" class=\"wp-image-40\" srcset=\"https:\/\/www.buildox-games.com\/wp-content\/uploads\/2022\/01\/MapJV.png 844w, https:\/\/www.buildox-games.com\/wp-content\/uploads\/2022\/01\/MapJV-300x300.png 300w, https:\/\/www.buildox-games.com\/wp-content\/uploads\/2022\/01\/MapJV-150x150.png 150w, https:\/\/www.buildox-games.com\/wp-content\/uploads\/2022\/01\/MapJV-768x769.png 768w\" sizes=\"auto, (max-width: 844px) 100vw, 844px\" \/><figcaption>Carte du jeu<\/figcaption><\/figure>\n\n\n\n<p>Je travaille actuellement sur la partie vert fonc\u00e9, l\u00e0 o\u00f9 il y a la ville principale, je ferais le reste ensuite tout en ajoutant un maximum d&rsquo;easter egg pour le fun !<\/p>\n","protected":false},"excerpt":{"rendered":"<p>Je suis en train de travailler sur un projet de jeu vid\u00e9o en monde libre. J&rsquo;utilise Roblox Studio pour mon jeu, car c&rsquo;est plus simple. Je n&rsquo;ai pas encore trouv\u00e9 de nom pour mon jeu mais ce sera un open world (monde ouvert). Un syst\u00e8me \u00e9conomique sera mis en place et les joueurs pourront acheter [&hellip;]<\/p>\n","protected":false},"author":1,"featured_media":0,"parent":0,"menu_order":0,"comment_status":"closed","ping_status":"open","template":"","meta":{"footnotes":""},"class_list":["post-2","page","type-page","status-publish","hentry","entry"],"_links":{"self":[{"href":"https:\/\/www.buildox-games.com\/index.php?rest_route=\/wp\/v2\/pages\/2","targetHints":{"allow":["GET"]}}],"collection":[{"href":"https:\/\/www.buildox-games.com\/index.php?rest_route=\/wp\/v2\/pages"}],"about":[{"href":"https:\/\/www.buildox-games.com\/index.php?rest_route=\/wp\/v2\/types\/page"}],"author":[{"embeddable":true,"href":"https:\/\/www.buildox-games.com\/index.php?rest_route=\/wp\/v2\/users\/1"}],"replies":[{"embeddable":true,"href":"https:\/\/www.buildox-games.com\/index.php?rest_route=%2Fwp%2Fv2%2Fcomments&post=2"}],"version-history":[{"count":8,"href":"https:\/\/www.buildox-games.com\/index.php?rest_route=\/wp\/v2\/pages\/2\/revisions"}],"predecessor-version":[{"id":48,"href":"https:\/\/www.buildox-games.com\/index.php?rest_route=\/wp\/v2\/pages\/2\/revisions\/48"}],"wp:attachment":[{"href":"https:\/\/www.buildox-games.com\/index.php?rest_route=%2Fwp%2Fv2%2Fmedia&parent=2"}],"curies":[{"name":"wp","href":"https:\/\/api.w.org\/{rel}","templated":true}]}}